{"id":4062,"date":"2020-07-21T07:22:38","date_gmt":"2020-07-21T13:22:38","guid":{"rendered":"https:\/\/heliotek.energy\/?page_id=4062"},"modified":"2025-01-25T14:41:28","modified_gmt":"2025-01-25T20:41:28","slug":"servicios","status":"publish","type":"page","link":"https:\/\/heliotek.energy\/index.php\/servicios\/","title":{"rendered":"Servicios"},"content":{"rendered":"<body><p><div class=\"fusion-fullwidth fullwidth-box fusion-builder-row-1 fusion-parallax-none imagen-top hundred-percent-fullwidth non-hundred-percent-height-scrolling fusion-equal-height-columns\" style=\"--awb-border-sizes-top:0px;--awb-border-sizes-bottom:0px;--awb-border-sizes-left:0px;--awb-border-sizes-right:0px;--awb-border-radius-top-left:0px;--awb-border-radius-top-right:0px;--awb-border-radius-bottom-right:0px;--awb-border-radius-bottom-left:0px;--awb-padding-top:0px;--awb-padding-right:0px;--awb-padding-bottom:0px;--awb-padding-left:0px;--awb-margin-top:0px;--awb-margin-bottom:0px;--awb-background-image:url(&quot;https:\/\/heliotek.energy\/wp-content\/uploads\/2020\/07\/servicios-cabecera.jpg&quot;);--awb-background-size:cover;--awb-flex-wrap:wrap;\" ><div class=\"fusion-builder-row fusion-row\"><div class=\"fusion-layout-column fusion_builder_column fusion-builder-column-0 fusion_builder_column_1_1 1_1 fusion-one-full fusion-column-first fusion-column-last\" style=\"--awb-bg-size:cover;--awb-margin-top:160px;\"><div class=\"fusion-column-wrapper fusion-column-has-shadow fusion-flex-column-wrapper-legacy\"><div class=\"fusion-text fusion-text-1 fusion-animated\" data-animationType=\"zoomInUp\" data-animationDuration=\"1.0\" data-animationOffset=\"top-into-view\"><h2 style=\"text-align: center;\"><span style=\"color: #ffffff;\">SERVICIOS<\/span><\/h2>\n<\/div><div class=\"fusion-clearfix\"><\/div><\/div><\/div><\/div><\/div><div class=\"fusion-fullwidth fullwidth-box fusion-builder-row-2 nonhundred-percent-fullwidth non-hundred-percent-height-scrolling\" style=\"--awb-border-sizes-top:0px;--awb-border-sizes-bottom:0px;--awb-border-sizes-left:0px;--awb-border-sizes-right:0px;--awb-border-radius-top-left:0px;--awb-border-radius-top-right:0px;--awb-border-radius-bottom-right:0px;--awb-border-radius-bottom-left:0px;--awb-padding-top:40px;--awb-padding-bottom:20px;--awb-flex-wrap:wrap;\" ><div class=\"fusion-builder-row fusion-row\"><div class=\"fusion-layout-column fusion_builder_column fusion-builder-column-1 fusion_builder_column_1_1 1_1 fusion-one-full fusion-column-first fusion-column-last\" style=\"--awb-bg-size:cover;--awb-margin-top:40px;--awb-margin-bottom:40px;\"><div class=\"fusion-column-wrapper fusion-column-has-shadow fusion-flex-column-wrapper-legacy\"><div class=\"fusion-text fusion-text-2\"><h5 style=\"text-align: center;\">Heliotek le ofrece sus diversas soluciones para facilidad de lo que el cliente necesita.<\/h5>\n<\/div><div class=\"fusion-clearfix\"><\/div><\/div><\/div><\/div><\/div><div class=\"fusion-fullwidth fullwidth-box fusion-builder-row-3 nonhundred-percent-fullwidth non-hundred-percent-height-scrolling fusion-equal-height-columns\" style=\"--awb-border-sizes-top:0px;--awb-border-sizes-bottom:0px;--awb-border-sizes-left:0px;--awb-border-sizes-right:0px;--awb-border-radius-top-left:0px;--awb-border-radius-top-right:0px;--awb-border-radius-bottom-right:0px;--awb-border-radius-bottom-left:0px;--awb-flex-wrap:wrap;\" ><div class=\"fusion-builder-row fusion-row\"><div class=\"fusion-layout-column fusion_builder_column fusion-builder-column-2 fusion_builder_column_1_3 1_3 fusion-one-third fusion-column-first fusion-column-no-min-height\" style=\"--awb-padding-top:30px;--awb-padding-right:30px;--awb-padding-bottom:20px;--awb-padding-left:30px;--awb-overflow:hidden;--awb-bg-size:cover;--awb-box-shadow:0px 10px 25px 3px rgba(0,0,0,0.15);;--awb-border-color:#dddddd;--awb-border-top:0;--awb-border-right:0;--awb-border-bottom:0;--awb-border-left:0;--awb-border-style:solid;--awb-border-radius:10px 10px 10px 10px;width:33.333333333333%;width:calc(33.333333333333% - ( ( 25px + 25px ) * 0.33333333333333 ) );margin-right: 25px;\"><div class=\"fusion-column-wrapper fusion-column-has-shadow fusion-flex-column-wrapper-legacy\"><div class=\"fusion-image-element fusion-image-align-center in-legacy-container\" style=\"text-align:center;--awb-caption-title-font-family:var(--h2_typography-font-family);--awb-caption-title-font-weight:var(--h2_typography-font-weight);--awb-caption-title-font-style:var(--h2_typography-font-style);--awb-caption-title-size:var(--h2_typography-font-size);--awb-caption-title-transform:var(--h2_typography-text-transform);--awb-caption-title-line-height:var(--h2_typography-line-height);--awb-caption-title-letter-spacing:var(--h2_typography-letter-spacing);\"><div class=\"imageframe-align-center\"><span class=\" fusion-imageframe imageframe-none imageframe-1 hover-type-none\"><img decoding=\"async\" width=\"330\" height=\"138\" title=\"soluciones-consultoria\" data-src=\"https:\/\/heliotek.energy\/wp-content\/uploads\/2020\/07\/soluciones-consultoria.jpg\" alt class=\"img-responsive wp-image-4172 lazyload\" data-srcset=\"https:\/\/heliotek.energy\/wp-content\/uploads\/2020\/07\/soluciones-consultoria-200x84.jpg 200w, https:\/\/heliotek.energy\/wp-content\/uploads\/2020\/07\/soluciones-consultoria.jpg 330w\" data-sizes=\"(max-width: 800px) 100vw, 330px\" src=\"data:image\/svg+xml;base64,PHN2ZyB3aWR0aD0iMSIgaGVpZ2h0PSIxIiB4bWxucz0iaHR0cDovL3d3dy53My5vcmcvMjAwMC9zdmciPjwvc3ZnPg==\" style=\"--smush-placeholder-width: 330px; --smush-placeholder-aspect-ratio: 330\/138;\" \/><\/span><\/div><\/div><div class=\"fusion-title title fusion-title-1 fusion-title-center fusion-title-text fusion-title-size-three\" style=\"--awb-margin-top:20px;--awb-margin-bottom:20px;--awb-font-size:24px;\"><div class=\"title-sep-container title-sep-container-left\"><div class=\"title-sep sep- sep-solid\" style=\"border-color:#e2e2e2;\"><\/div><\/div><span class=\"awb-title-spacer\"><\/span><h3 class=\"fusion-title-heading title-heading-center fusion-responsive-typography-calculated\" style=\"margin:0;font-size:1em;--fontSize:24;--minFontSize:24;line-height:1.3;\"><p style=\"text-align: center;\">Consultor\u00eda de Ingenier\u00eda energ\u00e9tica<\/p><\/h3><span class=\"awb-title-spacer\"><\/span><div class=\"title-sep-container title-sep-container-right\"><div class=\"title-sep sep- sep-solid\" style=\"border-color:#e2e2e2;\"><\/div><\/div><\/div><div class=\"fusion-text fusion-text-3\" style=\"--awb-content-alignment:left;--awb-text-transform:none;\"><p><strong>Heliotek<\/strong> se encuentra registrada ante el Colegio Federado de Ingenieros y Arquitectos, as\u00ed como su planilla de ingenieros expertos con m\u00e1s de 36 a\u00f1os de experiencia en el sector energ\u00e9tico y especializados en diversos campos de acci\u00f3n como: fotovoltaico, sostenibilidad, electricidad, electr\u00f3nica, entre otros.<\/p>\n<p><span style=\"color: #ffffff;\">\u2013<\/span><br>\n<span style=\"color: #ffffff;\">\u2014<\/span><br>\n<span style=\"color: #ffffff;\">\u2013<\/span><\/p>\n<\/div><div class=\"fusion-clearfix\"><\/div><\/div><\/div><div class=\"fusion-layout-column fusion_builder_column fusion-builder-column-3 fusion_builder_column_1_3 1_3 fusion-one-third fusion-column-no-min-height\" style=\"--awb-padding-top:30px;--awb-padding-right:30px;--awb-padding-bottom:20px;--awb-padding-left:30px;--awb-overflow:hidden;--awb-bg-size:cover;--awb-box-shadow:0px 10px 25px 3px rgba(0,0,0,0.15);;--awb-border-color:#dddddd;--awb-border-top:0;--awb-border-right:0;--awb-border-bottom:0;--awb-border-left:0;--awb-border-style:solid;--awb-border-radius:10px 10px 10px 10px;width:33.333333333333%;width:calc(33.333333333333% - ( ( 25px + 25px ) * 0.33333333333333 ) );margin-right: 25px;\"><div class=\"fusion-column-wrapper fusion-column-has-shadow fusion-flex-column-wrapper-legacy\"><div class=\"fusion-image-element fusion-image-align-center in-legacy-container\" style=\"text-align:center;--awb-caption-title-font-family:var(--h2_typography-font-family);--awb-caption-title-font-weight:var(--h2_typography-font-weight);--awb-caption-title-font-style:var(--h2_typography-font-style);--awb-caption-title-size:var(--h2_typography-font-size);--awb-caption-title-transform:var(--h2_typography-text-transform);--awb-caption-title-line-height:var(--h2_typography-line-height);--awb-caption-title-letter-spacing:var(--h2_typography-letter-spacing);\"><div class=\"imageframe-align-center\"><span class=\" fusion-imageframe imageframe-none imageframe-2 hover-type-none\"><img decoding=\"async\" width=\"330\" height=\"138\" title=\"serv-personal\" data-src=\"https:\/\/heliotek.energy\/wp-content\/uploads\/2020\/07\/serv-personal.jpg\" alt class=\"img-responsive wp-image-4094 lazyload\" data-srcset=\"https:\/\/heliotek.energy\/wp-content\/uploads\/2020\/07\/serv-personal-200x84.jpg 200w, https:\/\/heliotek.energy\/wp-content\/uploads\/2020\/07\/serv-personal.jpg 330w\" data-sizes=\"(max-width: 800px) 100vw, 330px\" src=\"data:image\/svg+xml;base64,PHN2ZyB3aWR0aD0iMSIgaGVpZ2h0PSIxIiB4bWxucz0iaHR0cDovL3d3dy53My5vcmcvMjAwMC9zdmciPjwvc3ZnPg==\" style=\"--smush-placeholder-width: 330px; --smush-placeholder-aspect-ratio: 330\/138;\" \/><\/span><\/div><\/div><div class=\"fusion-title title fusion-title-2 fusion-title-center fusion-title-text fusion-title-size-three\" style=\"--awb-margin-top:20px;--awb-margin-bottom:20px;--awb-font-size:24px;\"><div class=\"title-sep-container title-sep-container-left\"><div class=\"title-sep sep- sep-solid\" style=\"border-color:#e2e2e2;\"><\/div><\/div><span class=\"awb-title-spacer\"><\/span><h3 class=\"fusion-title-heading title-heading-center fusion-responsive-typography-calculated\" style=\"margin:0;font-size:1em;--fontSize:24;--minFontSize:24;line-height:1.3;\"><p style=\"text-align: center;\">Mantenimiento<\/p><\/h3><span class=\"awb-title-spacer\"><\/span><div class=\"title-sep-container title-sep-container-right\"><div class=\"title-sep sep- sep-solid\" style=\"border-color:#e2e2e2;\"><\/div><\/div><\/div><div class=\"fusion-text fusion-text-4\" style=\"--awb-content-alignment:left;--awb-text-transform:none;\"><p>Ofrecemos planes de mantenimiento anuales o puntuales de su sistema solar, sistema de respaldo el\u00e9ctrico, sistemas fotovoltaicos interactivos, aislados de la red, entre otros. Adem\u00e1s, de los productos marca <strong>VICTRON<\/strong> como empresa \u00fanica de Taller autorizado en Costa Rica para ofrecerle sus servicios. Contamos con personal capacitado experto en cada una de las \u00e1reas adem\u00e1s de las herramientas de \u00faltima tecnolog\u00eda para brindarle el mejor servicio.<br>\n<span style=\"color: #ffffff;\">\u2013<\/span><\/p>\n<\/div><div class=\"fusion-clearfix\"><\/div><\/div><\/div><div class=\"fusion-layout-column fusion_builder_column fusion-builder-column-4 fusion_builder_column_1_3 1_3 fusion-one-third fusion-column-last fusion-column-no-min-height\" style=\"--awb-padding-top:30px;--awb-padding-right:30px;--awb-padding-bottom:20px;--awb-padding-left:30px;--awb-overflow:hidden;--awb-bg-size:cover;--awb-box-shadow:0px 10px 25px 3px rgba(0,0,0,0.15);;--awb-border-color:#dddddd;--awb-border-top:0;--awb-border-right:0;--awb-border-bottom:0;--awb-border-left:0;--awb-border-style:solid;--awb-border-radius:10px 10px 10px 10px;width:33.333333333333%;width:calc(33.333333333333% - ( ( 25px + 25px ) * 0.33333333333333 ) );\"><div class=\"fusion-column-wrapper fusion-column-has-shadow fusion-flex-column-wrapper-legacy\"><div class=\"fusion-image-element fusion-image-align-center in-legacy-container\" style=\"text-align:center;--awb-caption-title-font-family:var(--h2_typography-font-family);--awb-caption-title-font-weight:var(--h2_typography-font-weight);--awb-caption-title-font-style:var(--h2_typography-font-style);--awb-caption-title-size:var(--h2_typography-font-size);--awb-caption-title-transform:var(--h2_typography-text-transform);--awb-caption-title-line-height:var(--h2_typography-line-height);--awb-caption-title-letter-spacing:var(--h2_typography-letter-spacing);\"><div class=\"imageframe-align-center\"><span class=\" fusion-imageframe imageframe-none imageframe-3 hover-type-none\"><img decoding=\"async\" width=\"330\" height=\"138\" title=\"soluciones-monitoreo\" data-src=\"https:\/\/heliotek.energy\/wp-content\/uploads\/2020\/07\/soluciones-monitoreo.jpg\" alt class=\"img-responsive wp-image-4173 lazyload\" data-srcset=\"https:\/\/heliotek.energy\/wp-content\/uploads\/2020\/07\/soluciones-monitoreo-200x84.jpg 200w, https:\/\/heliotek.energy\/wp-content\/uploads\/2020\/07\/soluciones-monitoreo.jpg 330w\" data-sizes=\"(max-width: 800px) 100vw, 330px\" src=\"data:image\/svg+xml;base64,PHN2ZyB3aWR0aD0iMSIgaGVpZ2h0PSIxIiB4bWxucz0iaHR0cDovL3d3dy53My5vcmcvMjAwMC9zdmciPjwvc3ZnPg==\" style=\"--smush-placeholder-width: 330px; --smush-placeholder-aspect-ratio: 330\/138;\" \/><\/span><\/div><\/div><div class=\"fusion-title title fusion-title-3 fusion-title-center fusion-title-text fusion-title-size-three\" style=\"--awb-margin-top:20px;--awb-margin-bottom:20px;--awb-font-size:24px;\"><div class=\"title-sep-container title-sep-container-left\"><div class=\"title-sep sep- sep-solid\" style=\"border-color:#e2e2e2;\"><\/div><\/div><span class=\"awb-title-spacer\"><\/span><h3 class=\"fusion-title-heading title-heading-center fusion-responsive-typography-calculated\" style=\"margin:0;font-size:1em;--fontSize:24;--minFontSize:24;line-height:1.3;\"><p style=\"text-align: center;\">Monitoreo y Optimizaci\u00f3n de sistemas fotovoltaicos<\/p><\/h3><span class=\"awb-title-spacer\"><\/span><div class=\"title-sep-container title-sep-container-right\"><div class=\"title-sep sep- sep-solid\" style=\"border-color:#e2e2e2;\"><\/div><\/div><\/div><div class=\"fusion-text fusion-text-5\" style=\"--awb-content-alignment:left;--awb-text-transform:none;\"><p>\u00bfDesea sacarle el m\u00e1ximo provecho a su sistema fotovoltaico? Para mejorar algo hay que medirlo antes, en <strong>Heliotek<\/strong> ofrecemos planes de monitoreo junto con optimizaci\u00f3n de sus sistemas fotovoltaicos. Identificar paneles da\u00f1ados o con baja generaci\u00f3n, problemas de suciedad o sombras de manera inmediata, registros del comportamiento de cada componente, son algunos de los servicios que hacen la diferencia entre un sistema regular y uno \u00f3ptimo.<\/p>\n<\/div><div class=\"fusion-clearfix\"><\/div><\/div><\/div><div class=\"fusion-layout-column fusion_builder_column fusion-builder-column-5 fusion_builder_column_1_3 1_3 fusion-one-third fusion-column-first fusion-column-no-min-height\" style=\"--awb-padding-top:30px;--awb-padding-right:30px;--awb-padding-bottom:20px;--awb-padding-left:30px;--awb-overflow:hidden;--awb-bg-size:cover;--awb-box-shadow:0px 10px 25px 3px rgba(0,0,0,0.15);;--awb-border-color:#dddddd;--awb-border-top:0;--awb-border-right:0;--awb-border-bottom:0;--awb-border-left:0;--awb-border-style:solid;--awb-border-radius:10px 10px 10px 10px;width:33.333333333333%;width:calc(33.333333333333% - ( ( 25px ) * 0.33333333333333 ) );margin-right: 25px;\"><div class=\"fusion-column-wrapper fusion-column-has-shadow fusion-flex-column-wrapper-legacy\"><div class=\"fusion-image-element fusion-image-align-center in-legacy-container\" style=\"text-align:center;--awb-caption-title-font-family:var(--h2_typography-font-family);--awb-caption-title-font-weight:var(--h2_typography-font-weight);--awb-caption-title-font-style:var(--h2_typography-font-style);--awb-caption-title-size:var(--h2_typography-font-size);--awb-caption-title-transform:var(--h2_typography-text-transform);--awb-caption-title-line-height:var(--h2_typography-line-height);--awb-caption-title-letter-spacing:var(--h2_typography-letter-spacing);\"><div class=\"imageframe-align-center\"><span class=\" fusion-imageframe imageframe-none imageframe-4 hover-type-none\"><img decoding=\"async\" width=\"330\" height=\"138\" title=\"serv-productos\" data-src=\"https:\/\/heliotek.energy\/wp-content\/uploads\/2020\/07\/serv-productos.jpg\" alt class=\"img-responsive wp-image-4095 lazyload\" data-srcset=\"https:\/\/heliotek.energy\/wp-content\/uploads\/2020\/07\/serv-productos-200x84.jpg 200w, https:\/\/heliotek.energy\/wp-content\/uploads\/2020\/07\/serv-productos.jpg 330w\" data-sizes=\"(max-width: 800px) 100vw, 330px\" src=\"data:image\/svg+xml;base64,PHN2ZyB3aWR0aD0iMSIgaGVpZ2h0PSIxIiB4bWxucz0iaHR0cDovL3d3dy53My5vcmcvMjAwMC9zdmciPjwvc3ZnPg==\" style=\"--smush-placeholder-width: 330px; --smush-placeholder-aspect-ratio: 330\/138;\" \/><\/span><\/div><\/div><div class=\"fusion-title title fusion-title-4 fusion-title-center fusion-title-text fusion-title-size-three\" style=\"--awb-margin-top:20px;--awb-margin-bottom:20px;--awb-font-size:24px;\"><div class=\"title-sep-container title-sep-container-left\"><div class=\"title-sep sep- sep-solid\" style=\"border-color:#e2e2e2;\"><\/div><\/div><span class=\"awb-title-spacer\"><\/span><h3 class=\"fusion-title-heading title-heading-center fusion-responsive-typography-calculated\" style=\"margin:0;font-size:1em;--fontSize:24;--minFontSize:24;line-height:1.3;\"><p style=\"text-align: center;\">Distribuci\u00f3n a detalle y al por mayor de productos solares<\/p><\/h3><span class=\"awb-title-spacer\"><\/span><div class=\"title-sep-container title-sep-container-right\"><div class=\"title-sep sep- sep-solid\" style=\"border-color:#e2e2e2;\"><\/div><\/div><\/div><div class=\"fusion-text fusion-text-6\" style=\"--awb-content-alignment:left;\"><p><strong>Heliotek<\/strong> pone a su disposici\u00f3n la venta de productos solares a retail (Victron, Solaredge, Thor, Ironridge, Carlo Gavazzi, Viessmann, Telergon, Canadian Solar, Heliotek). Si eres distribuidor, agente libre, emprendedor, instalador o simplemente un tecn\u00f3filo nuestras l\u00edneas de productos solares te van a interesar. Visita la <strong>TIENDA<\/strong> para conocer m\u00e1s <a href=\"https:\/\/www.facebook.com\/pg\/heliotek.energy.cr\/shop\/\" target=\"_blank\" rel=\"noopener noreferrer\">aqu\u00ed<\/a>.<br>\n<span style=\"color: #ffffff;\">\u2013<\/span><br>\n<span style=\"color: #ffffff;\">\u2013<\/span><\/p>\n<\/div><div class=\"fusion-clearfix\"><\/div><\/div><\/div><\/div><\/div><div class=\"fusion-fullwidth fullwidth-box fusion-builder-row-4 nonhundred-percent-fullwidth non-hundred-percent-height-scrolling fusion-equal-height-columns\" style=\"--awb-border-sizes-top:0px;--awb-border-sizes-bottom:0px;--awb-border-sizes-left:0px;--awb-border-sizes-right:0px;--awb-border-radius-top-left:0px;--awb-border-radius-top-right:0px;--awb-border-radius-bottom-right:0px;--awb-border-radius-bottom-left:0px;--awb-flex-wrap:wrap;\" ><div class=\"fusion-builder-row fusion-row\"><\/div><\/div><div class=\"fusion-fullwidth fullwidth-box fusion-builder-row-5 nonhundred-percent-fullwidth non-hundred-percent-height-scrolling\" style=\"--awb-border-sizes-top:0px;--awb-border-sizes-bottom:0px;--awb-border-sizes-left:0px;--awb-border-sizes-right:0px;--awb-border-radius-top-left:0px;--awb-border-radius-top-right:0px;--awb-border-radius-bottom-right:0px;--awb-border-radius-bottom-left:0px;--awb-padding-top:40px;--awb-padding-bottom:20px;--awb-margin-top:50px;--awb-flex-wrap:wrap;\" ><div class=\"fusion-builder-row fusion-row\"><div class=\"fusion-layout-column fusion_builder_column fusion-builder-column-6 fusion_builder_column_1_1 1_1 fusion-one-full fusion-column-first fusion-column-last\" style=\"--awb-bg-size:cover;--awb-margin-bottom:60px;\"><div class=\"fusion-column-wrapper fusion-flex-column-wrapper-legacy\"><div class=\"fusion-text fusion-text-7\"><h5 style=\"text-align: center;\">\u00bfTienes alguna duda sobre la energ\u00eda solar?<br>\n\u00bfNecesitas una aplicaci\u00f3n especial?<br>\n\u00bfRequieres una empresa externa paraauditar tu sistema fotovoltaico existente?<br>\n\u00a1Lleg\u00f3 al lugar indicado, conversemos!<\/h5>\n<\/div><div class=\"fusion-aligncenter\"><a class=\"fusion-button button-flat button-large button-custom fusion-button-default button-1 fusion-button-default-span fusion-button-default-type\" style=\"--button_accent_color:#ffffff;--button_accent_hover_color:#ffffff;--button_border_hover_color:#ffffff;--button_gradient_top_color:#ffc107;--button_gradient_bottom_color:#ffc107;--button_gradient_top_color_hover:#ff9800;--button_gradient_bottom_color_hover:#ff9800;\" target=\"_self\" href=\"https:\/\/heliotek.energy\/index.php\/contacto\/\"><span class=\"fusion-button-text\">Cont\u00e1ctenos ahora!<\/span><\/a><\/div><div class=\"fusion-clearfix\"><\/div><\/div><\/div><\/div><\/div><\/p>\n<\/body>","protected":false},"excerpt":{"rendered":"","protected":false},"author":1,"featured_media":0,"parent":0,"menu_order":0,"comment_status":"closed","ping_status":"closed","template":"100-width.php","meta":{"content-type":"","_joinchat":[],"footnotes":""},"class_list":["post-4062","page","type-page","status-publish","hentry"],"yoast_head":"<!-- This site is optimized with the Yoast SEO plugin v26.8 - https:\/\/yoast.com\/product\/yoast-seo-wordpress\/ -->\n<title>Servicios - Heliotek Solar<\/title>\n<meta name=\"robots\" content=\"index, follow, max-snippet:-1, max-image-preview:large, max-video-preview:-1\" \/>\n<link rel=\"canonical\" href=\"https:\/\/heliotek.energy\/index.php\/servicios\/\" \/>\n<meta property=\"og:locale\" content=\"es_ES\" \/>\n<meta property=\"og:type\" content=\"article\" \/>\n<meta property=\"og:title\" content=\"Servicios - Heliotek Solar\" \/>\n<meta property=\"og:url\" content=\"https:\/\/heliotek.energy\/index.php\/servicios\/\" \/>\n<meta property=\"og:site_name\" content=\"Heliotek Solar\" \/>\n<meta property=\"article:modified_time\" content=\"2025-01-25T20:41:28+00:00\" \/>\n<meta name=\"twitter:card\" content=\"summary_large_image\" \/>\n<meta name=\"twitter:label1\" content=\"Tiempo de lectura\" \/>\n\t<meta name=\"twitter:data1\" content=\"16 minutos\" \/>\n<script type=\"application\/ld+json\" class=\"yoast-schema-graph\">{\"@context\":\"https:\/\/schema.org\",\"@graph\":[{\"@type\":\"WebPage\",\"@id\":\"https:\/\/heliotek.energy\/index.php\/servicios\/\",\"url\":\"https:\/\/heliotek.energy\/index.php\/servicios\/\",\"name\":\"Servicios - Heliotek Solar\",\"isPartOf\":{\"@id\":\"https:\/\/heliotek.energy\/#website\"},\"datePublished\":\"2020-07-21T13:22:38+00:00\",\"dateModified\":\"2025-01-25T20:41:28+00:00\",\"breadcrumb\":{\"@id\":\"https:\/\/heliotek.energy\/index.php\/servicios\/#breadcrumb\"},\"inLanguage\":\"es\",\"potentialAction\":[{\"@type\":\"ReadAction\",\"target\":[\"https:\/\/heliotek.energy\/index.php\/servicios\/\"]}]},{\"@type\":\"BreadcrumbList\",\"@id\":\"https:\/\/heliotek.energy\/index.php\/servicios\/#breadcrumb\",\"itemListElement\":[{\"@type\":\"ListItem\",\"position\":1,\"name\":\"Home\",\"item\":\"https:\/\/heliotek.energy\/\"},{\"@type\":\"ListItem\",\"position\":2,\"name\":\"Servicios\"}]},{\"@type\":\"WebSite\",\"@id\":\"https:\/\/heliotek.energy\/#website\",\"url\":\"https:\/\/heliotek.energy\/\",\"name\":\"Heliotek Solar\",\"description\":\"Energ\u00eda Solar para Costa Rica\",\"publisher\":{\"@id\":\"https:\/\/heliotek.energy\/#organization\"},\"potentialAction\":[{\"@type\":\"SearchAction\",\"target\":{\"@type\":\"EntryPoint\",\"urlTemplate\":\"https:\/\/heliotek.energy\/?s={search_term_string}\"},\"query-input\":{\"@type\":\"PropertyValueSpecification\",\"valueRequired\":true,\"valueName\":\"search_term_string\"}}],\"inLanguage\":\"es\"},{\"@type\":\"Organization\",\"@id\":\"https:\/\/heliotek.energy\/#organization\",\"name\":\"Heliotek Solar\",\"url\":\"https:\/\/heliotek.energy\/\",\"logo\":{\"@type\":\"ImageObject\",\"inLanguage\":\"es\",\"@id\":\"https:\/\/heliotek.energy\/#\/schema\/logo\/image\/\",\"url\":\"https:\/\/heliotek.energy\/wp-content\/uploads\/2020\/08\/logo-heliotek-retina.png\",\"contentUrl\":\"https:\/\/heliotek.energy\/wp-content\/uploads\/2020\/08\/logo-heliotek-retina.png\",\"width\":466,\"height\":160,\"caption\":\"Heliotek Solar\"},\"image\":{\"@id\":\"https:\/\/heliotek.energy\/#\/schema\/logo\/image\/\"}}]}<\/script>\n<!-- \/ Yoast SEO plugin. -->","yoast_head_json":{"title":"Servicios - Heliotek Solar","robots":{"index":"index","follow":"follow","max-snippet":"max-snippet:-1","max-image-preview":"max-image-preview:large","max-video-preview":"max-video-preview:-1"},"canonical":"https:\/\/heliotek.energy\/index.php\/servicios\/","og_locale":"es_ES","og_type":"article","og_title":"Servicios - Heliotek Solar","og_url":"https:\/\/heliotek.energy\/index.php\/servicios\/","og_site_name":"Heliotek Solar","article_modified_time":"2025-01-25T20:41:28+00:00","twitter_card":"summary_large_image","twitter_misc":{"Tiempo de lectura":"16 minutos"},"schema":{"@context":"https:\/\/schema.org","@graph":[{"@type":"WebPage","@id":"https:\/\/heliotek.energy\/index.php\/servicios\/","url":"https:\/\/heliotek.energy\/index.php\/servicios\/","name":"Servicios - Heliotek Solar","isPartOf":{"@id":"https:\/\/heliotek.energy\/#website"},"datePublished":"2020-07-21T13:22:38+00:00","dateModified":"2025-01-25T20:41:28+00:00","breadcrumb":{"@id":"https:\/\/heliotek.energy\/index.php\/servicios\/#breadcrumb"},"inLanguage":"es","potentialAction":[{"@type":"ReadAction","target":["https:\/\/heliotek.energy\/index.php\/servicios\/"]}]},{"@type":"BreadcrumbList","@id":"https:\/\/heliotek.energy\/index.php\/servicios\/#breadcrumb","itemListElement":[{"@type":"ListItem","position":1,"name":"Home","item":"https:\/\/heliotek.energy\/"},{"@type":"ListItem","position":2,"name":"Servicios"}]},{"@type":"WebSite","@id":"https:\/\/heliotek.energy\/#website","url":"https:\/\/heliotek.energy\/","name":"Heliotek Solar","description":"Energ\u00eda Solar para Costa Rica","publisher":{"@id":"https:\/\/heliotek.energy\/#organization"},"potentialAction":[{"@type":"SearchAction","target":{"@type":"EntryPoint","urlTemplate":"https:\/\/heliotek.energy\/?s={search_term_string}"},"query-input":{"@type":"PropertyValueSpecification","valueRequired":true,"valueName":"search_term_string"}}],"inLanguage":"es"},{"@type":"Organization","@id":"https:\/\/heliotek.energy\/#organization","name":"Heliotek Solar","url":"https:\/\/heliotek.energy\/","logo":{"@type":"ImageObject","inLanguage":"es","@id":"https:\/\/heliotek.energy\/#\/schema\/logo\/image\/","url":"https:\/\/heliotek.energy\/wp-content\/uploads\/2020\/08\/logo-heliotek-retina.png","contentUrl":"https:\/\/heliotek.energy\/wp-content\/uploads\/2020\/08\/logo-heliotek-retina.png","width":466,"height":160,"caption":"Heliotek Solar"},"image":{"@id":"https:\/\/heliotek.energy\/#\/schema\/logo\/image\/"}}]}},"_links":{"self":[{"href":"https:\/\/heliotek.energy\/index.php\/wp-json\/wp\/v2\/pages\/4062","targetHints":{"allow":["GET"]}}],"collection":[{"href":"https:\/\/heliotek.energy\/index.php\/wp-json\/wp\/v2\/pages"}],"about":[{"href":"https:\/\/heliotek.energy\/index.php\/wp-json\/wp\/v2\/types\/page"}],"author":[{"embeddable":true,"href":"https:\/\/heliotek.energy\/index.php\/wp-json\/wp\/v2\/users\/1"}],"replies":[{"embeddable":true,"href":"https:\/\/heliotek.energy\/index.php\/wp-json\/wp\/v2\/comments?post=4062"}],"version-history":[{"count":6,"href":"https:\/\/heliotek.energy\/index.php\/wp-json\/wp\/v2\/pages\/4062\/revisions"}],"predecessor-version":[{"id":4705,"href":"https:\/\/heliotek.energy\/index.php\/wp-json\/wp\/v2\/pages\/4062\/revisions\/4705"}],"wp:attachment":[{"href":"https:\/\/heliotek.energy\/index.php\/wp-json\/wp\/v2\/media?parent=4062"}],"curies":[{"name":"wp","href":"https:\/\/api.w.org\/{rel}","templated":true}]}}