{"id":4151,"date":"2020-07-22T23:57:09","date_gmt":"2020-07-23T05:57:09","guid":{"rendered":"https:\/\/heliotek.energy\/?page_id=4151"},"modified":"2022-02-22T13:46:04","modified_gmt":"2022-02-22T19:46:04","slug":"sistemas-solares","status":"publish","type":"page","link":"https:\/\/heliotek.energy\/index.php\/sistemas-solares\/","title":{"rendered":"Sistemas Solares"},"content":{"rendered":"<body><p><div class=\"fusion-fullwidth fullwidth-box fusion-builder-row-1 fusion-parallax-none imagen-top hundred-percent-fullwidth non-hundred-percent-height-scrolling fusion-equal-height-columns\" style=\"--link_color: #000000;--awb-border-radius-top-left:0px;--awb-border-radius-top-right:0px;--awb-border-radius-bottom-right:0px;--awb-border-radius-bottom-left:0px;--awb-padding-top:0px;--awb-padding-bottom:0px;--awb-margin-top:0px;--awb-margin-bottom:0px;--awb-background-image:url(&quot;https:\/\/heliotek.energy\/wp-content\/uploads\/2020\/06\/paneles.jpg&quot;);--awb-background-size:cover;--awb-flex-wrap:wrap;--awb-filter:brightness(90%);--awb-filter-transition:filter 0.3s ease;--awb-filter-hover:brightness(90%);\" ><div class=\"fusion-builder-row fusion-row\"><div class=\"fusion-layout-column fusion_builder_column fusion-builder-column-0 fusion_builder_column_1_1 1_1 fusion-one-full fusion-column-first fusion-column-last\" style=\"--awb-padding-top:125px;--awb-bg-size:cover;\"><div class=\"fusion-column-wrapper fusion-column-has-shadow fusion-flex-column-wrapper-legacy\"><div class=\"fusion-column-content-centered\"><div class=\"fusion-column-content\"><div class=\"fusion-text fusion-text-1 fusion-animated\" style=\"--awb-content-alignment:center;--awb-text-color:#ffffff;\" data-animationType=\"zoomInUp\" data-animationDuration=\"1.0\" data-animationOffset=\"top-into-view\"><h2><span style=\"color: #ffffff;\">SISTEMAS SOLARES<\/span><\/h2>\n<h4><span style=\"color: #ffffff;\">H\u00edbridos y Aislados<\/span><\/h4>\n<\/div><\/div><\/div><div class=\"fusion-clearfix\"><\/div><\/div><\/div><\/div><\/div><div class=\"fusion-fullwidth fullwidth-box fusion-builder-row-2 nonhundred-percent-fullwidth non-hundred-percent-height-scrolling\" style=\"--awb-border-radius-top-left:0px;--awb-border-radius-top-right:0px;--awb-border-radius-bottom-right:0px;--awb-border-radius-bottom-left:0px;--awb-margin-top:50px;--awb-flex-wrap:wrap;\" ><div class=\"fusion-builder-row fusion-row\"><div class=\"fusion-layout-column fusion_builder_column fusion-builder-column-1 fusion_builder_column_1_1 1_1 fusion-one-full fusion-column-first fusion-column-last\" style=\"--awb-bg-size:cover;\"><div class=\"fusion-column-wrapper fusion-column-has-shadow fusion-flex-column-wrapper-legacy\"><div class=\"fusion-text fusion-text-2\" style=\"--awb-content-alignment:left;\"><p>Los sistemas solares Aut\u00f3nomos <strong>Heliotek<\/strong> permiten m\u00faltiples soluciones desde aplicaciones aisladas donde no existe electricidad, funcionamientos h\u00edbridos con otras fuentes de energ\u00eda como puede ser la red el\u00e9ctrica, generadores de combustible, eolicas, etc.<\/p>\n<p>As\u00ed como aplicaciones de respaldo el\u00e9ctrico puro donde no es posible instalar ninguna fuente de energ\u00eda renovable.<\/p>\n<p>\u00a1Energ\u00eda de calidad en todo lugar y en todo momento!<\/p>\n<\/div><div class=\"fusion-image-element fusion-image-align-center in-legacy-container\" style=\"text-align:center;--awb-margin-top:25px;--awb-margin-bottom:35px;--awb-caption-title-font-family:var(--h2_typography-font-family);--awb-caption-title-font-weight:var(--h2_typography-font-weight);--awb-caption-title-font-style:var(--h2_typography-font-style);--awb-caption-title-size:var(--h2_typography-font-size);--awb-caption-title-transform:var(--h2_typography-text-transform);--awb-caption-title-line-height:var(--h2_typography-line-height);--awb-caption-title-letter-spacing:var(--h2_typography-letter-spacing);\"><div class=\"imageframe-align-center\"><span class=\" fusion-imageframe imageframe-none imageframe-1 hover-type-none\"><img decoding=\"async\" width=\"2000\" height=\"550\" title=\"gabinetes\" data-src=\"https:\/\/heliotek.energy\/wp-content\/uploads\/2020\/07\/gabinetes.jpg\" alt class=\"img-responsive wp-image-4255 lazyload\" data-srcset=\"https:\/\/heliotek.energy\/wp-content\/uploads\/2020\/07\/gabinetes-200x55.jpg 200w, https:\/\/heliotek.energy\/wp-content\/uploads\/2020\/07\/gabinetes-400x110.jpg 400w, https:\/\/heliotek.energy\/wp-content\/uploads\/2020\/07\/gabinetes-600x165.jpg 600w, https:\/\/heliotek.energy\/wp-content\/uploads\/2020\/07\/gabinetes-800x220.jpg 800w, https:\/\/heliotek.energy\/wp-content\/uploads\/2020\/07\/gabinetes-1200x330.jpg 1200w, https:\/\/heliotek.energy\/wp-content\/uploads\/2020\/07\/gabinetes.jpg 2000w\" data-sizes=\"(max-width: 800px) 100vw, 2000px\" src=\"data:image\/svg+xml;base64,PHN2ZyB3aWR0aD0iMSIgaGVpZ2h0PSIxIiB4bWxucz0iaHR0cDovL3d3dy53My5vcmcvMjAwMC9zdmciPjwvc3ZnPg==\" style=\"--smush-placeholder-width: 2000px; --smush-placeholder-aspect-ratio: 2000\/550;\" \/><\/span><\/div><\/div><div class=\"fusion-text fusion-text-3\" style=\"--awb-content-alignment:left;\"><p>Equipos de integraci\u00f3n costarricense en nuestro taller en San Rafael de Montes de Oca. Son pre-ensamblados y probados para garantizar su calidad y seguridad, agilizar los tiempos de instalaci\u00f3n en sitio, entre otros beneficios.<\/p>\n<p>Realizamos dise\u00f1o de ingenier\u00eda a nivel t\u00e9rmico, mec\u00e1nico, el\u00e9ctrico de alta potencia tanto en corriente alterna como directa, as\u00ed como electr\u00f3nico y de comunicaciones.<\/p>\n<\/div><div class=\"fusion-image-element fusion-image-align-center in-legacy-container\" style=\"text-align:center;--awb-margin-top:25px;--awb-margin-bottom:25px;--awb-caption-title-font-family:var(--h2_typography-font-family);--awb-caption-title-font-weight:var(--h2_typography-font-weight);--awb-caption-title-font-style:var(--h2_typography-font-style);--awb-caption-title-size:var(--h2_typography-font-size);--awb-caption-title-transform:var(--h2_typography-text-transform);--awb-caption-title-line-height:var(--h2_typography-line-height);--awb-caption-title-letter-spacing:var(--h2_typography-letter-spacing);\"><div class=\"imageframe-align-center\"><span class=\" fusion-imageframe imageframe-none imageframe-2 hover-type-none\"><img decoding=\"async\" width=\"2000\" height=\"550\" title=\"gabinetes2\" data-src=\"https:\/\/heliotek.energy\/wp-content\/uploads\/2020\/07\/gabinetes2.jpg\" alt class=\"img-responsive wp-image-4256 lazyload\" data-srcset=\"https:\/\/heliotek.energy\/wp-content\/uploads\/2020\/07\/gabinetes2-200x55.jpg 200w, https:\/\/heliotek.energy\/wp-content\/uploads\/2020\/07\/gabinetes2-400x110.jpg 400w, https:\/\/heliotek.energy\/wp-content\/uploads\/2020\/07\/gabinetes2-600x165.jpg 600w, https:\/\/heliotek.energy\/wp-content\/uploads\/2020\/07\/gabinetes2-800x220.jpg 800w, https:\/\/heliotek.energy\/wp-content\/uploads\/2020\/07\/gabinetes2-1200x330.jpg 1200w, https:\/\/heliotek.energy\/wp-content\/uploads\/2020\/07\/gabinetes2.jpg 2000w\" data-sizes=\"(max-width: 800px) 100vw, 2000px\" src=\"data:image\/svg+xml;base64,PHN2ZyB3aWR0aD0iMSIgaGVpZ2h0PSIxIiB4bWxucz0iaHR0cDovL3d3dy53My5vcmcvMjAwMC9zdmciPjwvc3ZnPg==\" style=\"--smush-placeholder-width: 2000px; --smush-placeholder-aspect-ratio: 2000\/550;\" \/><\/span><\/div><\/div><div class=\"fusion-text fusion-text-4\" style=\"--awb-content-alignment:left;--awb-text-transform:none;\"><p>Todo esto integrado en un conjunto est\u00e9tico, robusto, con los mejores componentes del mercado, el respaldo de f\u00e1brica de todos nuestros proveedores.<\/p>\n<p>Equipos con el sello de calidad <strong>Heliotek<\/strong> y los m\u00e1s de 36 a\u00f1os de experiencia del<strong> Grupo SERC<\/strong>.<\/p>\n<p><span style=\"color: #ffffff;\">\u2013<\/span><\/p>\n<h4 style=\"text-align: center;\">\u00bfTienen una necesidad de energ\u00eda?<\/h4>\n<\/div><div class=\"fusion-sep-clear\"><\/div><div class=\"fusion-separator fusion-full-width-sep\" style=\"margin-left: auto;margin-right: auto;margin-top:25px;margin-bottom:25px;width:100%;\"><\/div><div class=\"fusion-sep-clear\"><\/div><div class=\"fusion-text fusion-text-5\"><p>Informaci\u00f3n adicional en formato PDF<\/p>\n<\/div><div class=\"fusion-builder-row fusion-builder-row-inner fusion-row\"><div class=\"fusion-layout-column fusion_builder_column_inner fusion-builder-nested-column-0 fusion_builder_column_inner_1_4 1_4 fusion-one-fourth fusion-column-first fusion-column-inner-bg-wrapper\" style=\"--awb-inner-bg-size:cover;width:25%;width:calc(25% - ( ( 4% + 4% + 4% ) * 0.25 ) );margin-right: 4%;\"><span class=\"fusion-column-inner-bg hover-type-none\"><a class=\"fusion-column-anchor\" href=\"https:\/\/heliotek.energy\/pdfs\/sistemas-solares-hibridos\/heliotek-BP-informacion-general.pdf\" rel=\"noopener noreferrer\" target=\"_blank\"><span class=\"fusion-column-inner-bg-image\"><\/span><\/a><\/span><div class=\"fusion-column-wrapper fusion-column-has-shadow fusion-flex-column-wrapper-legacy\"><div class=\"fusion-image-element in-legacy-container\" style=\"--awb-caption-title-font-family:var(--h2_typography-font-family);--awb-caption-title-font-weight:var(--h2_typography-font-weight);--awb-caption-title-font-style:var(--h2_typography-font-style);--awb-caption-title-size:var(--h2_typography-font-size);--awb-caption-title-transform:var(--h2_typography-text-transform);--awb-caption-title-line-height:var(--h2_typography-line-height);--awb-caption-title-letter-spacing:var(--h2_typography-letter-spacing);\"><span class=\" fusion-imageframe imageframe-none imageframe-3 hover-type-none\"><img decoding=\"async\" width=\"114\" height=\"146\" title=\"heliotek-BP-info-general\" data-src=\"https:\/\/heliotek.energy\/wp-content\/uploads\/2020\/08\/heliotek-BP-info-general.jpg\" alt class=\"img-responsive wp-image-4357 lazyload\" src=\"data:image\/svg+xml;base64,PHN2ZyB3aWR0aD0iMSIgaGVpZ2h0PSIxIiB4bWxucz0iaHR0cDovL3d3dy53My5vcmcvMjAwMC9zdmciPjwvc3ZnPg==\" style=\"--smush-placeholder-width: 114px; --smush-placeholder-aspect-ratio: 114\/146;\" \/><\/span><\/div><div class=\"fusion-text fusion-text-6\"><p>Heliotek BP informaci\u00f3n general<\/p>\n<\/div><div class=\"fusion-clearfix\"><\/div><\/div><\/div><div class=\"fusion-layout-column fusion_builder_column_inner fusion-builder-nested-column-1 fusion_builder_column_inner_1_4 1_4 fusion-one-fourth fusion-column-inner-bg-wrapper\" style=\"--awb-inner-bg-size:cover;width:25%;width:calc(25% - ( ( 4% + 4% + 4% ) * 0.25 ) );margin-right: 4%;\"><span class=\"fusion-column-inner-bg hover-type-none\"><a class=\"fusion-column-anchor\" href=\"https:\/\/heliotek.energy\/pdfs\/sistemas-solares-hibridos\/heliotek-BP-informacion-tecnica.pdf\" rel=\"noopener noreferrer\" target=\"_blank\"><span class=\"fusion-column-inner-bg-image\"><\/span><\/a><\/span><div class=\"fusion-column-wrapper fusion-column-has-shadow fusion-flex-column-wrapper-legacy\"><div class=\"fusion-image-element in-legacy-container\" style=\"--awb-caption-title-font-family:var(--h2_typography-font-family);--awb-caption-title-font-weight:var(--h2_typography-font-weight);--awb-caption-title-font-style:var(--h2_typography-font-style);--awb-caption-title-size:var(--h2_typography-font-size);--awb-caption-title-transform:var(--h2_typography-text-transform);--awb-caption-title-line-height:var(--h2_typography-line-height);--awb-caption-title-letter-spacing:var(--h2_typography-letter-spacing);\"><span class=\" fusion-imageframe imageframe-none imageframe-4 hover-type-none\"><img decoding=\"async\" width=\"114\" height=\"146\" title=\"heliotek-BP-info-tecnica\" data-src=\"https:\/\/heliotek.energy\/wp-content\/uploads\/2020\/08\/heliotek-BP-info-tecnica.jpg\" alt class=\"img-responsive wp-image-4358 lazyload\" src=\"data:image\/svg+xml;base64,PHN2ZyB3aWR0aD0iMSIgaGVpZ2h0PSIxIiB4bWxucz0iaHR0cDovL3d3dy53My5vcmcvMjAwMC9zdmciPjwvc3ZnPg==\" style=\"--smush-placeholder-width: 114px; --smush-placeholder-aspect-ratio: 114\/146;\" \/><\/span><\/div><div class=\"fusion-text fusion-text-7\"><p>Heliotek BP informaci\u00f3n t\u00e9cnica<\/p>\n<\/div><div class=\"fusion-clearfix\"><\/div><\/div><\/div><div class=\"fusion-layout-column fusion_builder_column_inner fusion-builder-nested-column-2 fusion_builder_column_inner_1_4 1_4 fusion-one-fourth\" style=\"--awb-bg-size:cover;width:25%;width:calc(25% - ( ( 4% + 4% + 4% ) * 0.25 ) );margin-right: 4%;\"><div class=\"fusion-column-wrapper fusion-column-has-shadow fusion-flex-column-wrapper-legacy\"><div class=\"fusion-clearfix\"><\/div><\/div><\/div><div class=\"fusion-layout-column fusion_builder_column_inner fusion-builder-nested-column-3 fusion_builder_column_inner_1_4 1_4 fusion-one-fourth fusion-column-last\" style=\"--awb-bg-size:cover;width:25%;width:calc(25% - ( ( 4% + 4% + 4% ) * 0.25 ) );\"><div class=\"fusion-column-wrapper fusion-column-has-shadow fusion-flex-column-wrapper-legacy\"><div class=\"fusion-clearfix\"><\/div><\/div><\/div><\/div><div class=\"fusion-clearfix\"><\/div><\/div><\/div><\/div><\/div><div class=\"fusion-fullwidth fullwidth-box fusion-builder-row-3 nonhundred-percent-fullwidth non-hundred-percent-height-scrolling\" style=\"--awb-border-radius-top-left:0px;--awb-border-radius-top-right:0px;--awb-border-radius-bottom-right:0px;--awb-border-radius-bottom-left:0px;--awb-padding-right:100px;--awb-padding-left:100px;--awb-margin-top:50px;--awb-flex-wrap:wrap;\" ><div class=\"fusion-builder-row fusion-row\"><div class=\"fusion-layout-column fusion_builder_column fusion-builder-column-2 fusion_builder_column_1_2 1_2 fusion-one-half fusion-column-first\" style=\"--awb-bg-size:cover;width:50%;width:calc(50% - ( ( 4% ) * 0.5 ) );margin-right: 4%;\"><div class=\"fusion-column-wrapper fusion-column-has-shadow fusion-flex-column-wrapper-legacy\"><div class=\"fusion-aligncenter\"><a class=\"fusion-button button-flat fusion-button-default-size button-custom fusion-button-default button-1 fusion-button-default-span fusion-button-default-type fusion-no-medium-visibility\" style=\"--button_accent_color:#ffffff;--button_accent_hover_color:#ffffff;--button_border_hover_color:#ffffff;--button_gradient_top_color:#ffc107;--button_gradient_bottom_color:#ffc107;--button_gradient_top_color_hover:#f98900;--button_gradient_bottom_color_hover:#f98900;--button_margin-top:15px;--button_margin-bottom:35px;\" target=\"_self\" href=\"https:\/\/heliotek.energy\/index.php\/cotizar-solar-autonomo\/\"><span class=\"fusion-button-text\">COTIZAR<\/span><\/a><\/div><div class=\"fusion-clearfix\"><\/div><\/div><\/div><div class=\"fusion-layout-column fusion_builder_column fusion-builder-column-3 fusion_builder_column_1_2 1_2 fusion-one-half fusion-column-last\" style=\"--awb-bg-size:cover;width:50%;width:calc(50% - ( ( 4% ) * 0.5 ) );\"><div class=\"fusion-column-wrapper fusion-column-has-shadow fusion-flex-column-wrapper-legacy\"><div class=\"fusion-aligncenter\"><a class=\"fusion-button button-flat fusion-button-default-size button-custom fusion-button-default button-2 fusion-button-default-span fusion-button-default-type fusion-no-medium-visibility\" style=\"--button_accent_color:#ffffff;--button_accent_hover_color:#ffffff;--button_border_hover_color:#ffffff;--button_gradient_top_color:#ffc107;--button_gradient_bottom_color:#ffc107;--button_gradient_top_color_hover:#f98900;--button_gradient_bottom_color_hover:#f98900;--button_margin-top:15px;--button_margin-bottom:35px;\" target=\"_self\" href=\"https:\/\/heliotek.energy\/index.php\/contacto\/\"><span class=\"fusion-button-text\">CONT\u00c1CTENOS<\/span><\/a><\/div><div class=\"fusion-clearfix\"><\/div><\/div><\/div><\/div><\/div><\/p>\n<\/body>","protected":false},"excerpt":{"rendered":"","protected":false},"author":1,"featured_media":0,"parent":0,"menu_order":0,"comment_status":"closed","ping_status":"closed","template":"100-width.php","meta":{"content-type":"","_joinchat":[],"footnotes":""},"class_list":["post-4151","page","type-page","status-publish","hentry"],"yoast_head":"<!-- This site is optimized with the Yoast SEO plugin v26.8 - https:\/\/yoast.com\/product\/yoast-seo-wordpress\/ -->\n<title>Sistemas Solares Aut\u00f3nomos en Costa Rica - Heliotek Solar<\/title>\n<meta name=\"description\" content=\"Permiten m\u00faltiples soluciones desde aplicaciones aisladas donde no existe electricidad a funcionamientos h\u00edbridos con otras fuentes de energ\u00eda\" \/>\n<meta name=\"robots\" content=\"index, follow, max-snippet:-1, max-image-preview:large, max-video-preview:-1\" \/>\n<link rel=\"canonical\" href=\"https:\/\/heliotek.energy\/index.php\/sistemas-solares\/\" \/>\n<meta property=\"og:locale\" content=\"es_ES\" \/>\n<meta property=\"og:type\" content=\"article\" \/>\n<meta property=\"og:title\" content=\"Sistemas Solares Aut\u00f3nomos en Costa Rica - Heliotek Solar\" \/>\n<meta property=\"og:description\" content=\"Permiten m\u00faltiples soluciones desde aplicaciones aisladas donde no existe electricidad a funcionamientos h\u00edbridos con otras fuentes de energ\u00eda\" \/>\n<meta property=\"og:url\" content=\"https:\/\/heliotek.energy\/index.php\/sistemas-solares\/\" \/>\n<meta property=\"og:site_name\" content=\"Heliotek Solar\" \/>\n<meta property=\"article:modified_time\" content=\"2022-02-22T19:46:04+00:00\" \/>\n<meta name=\"twitter:card\" content=\"summary_large_image\" \/>\n<meta name=\"twitter:label1\" content=\"Tiempo de lectura\" \/>\n\t<meta name=\"twitter:data1\" content=\"8 minutos\" \/>\n<script type=\"application\/ld+json\" class=\"yoast-schema-graph\">{\"@context\":\"https:\/\/schema.org\",\"@graph\":[{\"@type\":\"WebPage\",\"@id\":\"https:\/\/heliotek.energy\/index.php\/sistemas-solares\/\",\"url\":\"https:\/\/heliotek.energy\/index.php\/sistemas-solares\/\",\"name\":\"Sistemas Solares Aut\u00f3nomos en Costa Rica - Heliotek Solar\",\"isPartOf\":{\"@id\":\"https:\/\/heliotek.energy\/#website\"},\"datePublished\":\"2020-07-23T05:57:09+00:00\",\"dateModified\":\"2022-02-22T19:46:04+00:00\",\"description\":\"Permiten m\u00faltiples soluciones desde aplicaciones aisladas donde no existe electricidad a funcionamientos h\u00edbridos con otras fuentes de energ\u00eda\",\"breadcrumb\":{\"@id\":\"https:\/\/heliotek.energy\/index.php\/sistemas-solares\/#breadcrumb\"},\"inLanguage\":\"es\",\"potentialAction\":[{\"@type\":\"ReadAction\",\"target\":[\"https:\/\/heliotek.energy\/index.php\/sistemas-solares\/\"]}]},{\"@type\":\"BreadcrumbList\",\"@id\":\"https:\/\/heliotek.energy\/index.php\/sistemas-solares\/#breadcrumb\",\"itemListElement\":[{\"@type\":\"ListItem\",\"position\":1,\"name\":\"Home\",\"item\":\"https:\/\/heliotek.energy\/\"},{\"@type\":\"ListItem\",\"position\":2,\"name\":\"Sistemas Solares\"}]},{\"@type\":\"WebSite\",\"@id\":\"https:\/\/heliotek.energy\/#website\",\"url\":\"https:\/\/heliotek.energy\/\",\"name\":\"Heliotek Solar\",\"description\":\"Energ\u00eda Solar para Costa Rica\",\"publisher\":{\"@id\":\"https:\/\/heliotek.energy\/#organization\"},\"potentialAction\":[{\"@type\":\"SearchAction\",\"target\":{\"@type\":\"EntryPoint\",\"urlTemplate\":\"https:\/\/heliotek.energy\/?s={search_term_string}\"},\"query-input\":{\"@type\":\"PropertyValueSpecification\",\"valueRequired\":true,\"valueName\":\"search_term_string\"}}],\"inLanguage\":\"es\"},{\"@type\":\"Organization\",\"@id\":\"https:\/\/heliotek.energy\/#organization\",\"name\":\"Heliotek Solar\",\"url\":\"https:\/\/heliotek.energy\/\",\"logo\":{\"@type\":\"ImageObject\",\"inLanguage\":\"es\",\"@id\":\"https:\/\/heliotek.energy\/#\/schema\/logo\/image\/\",\"url\":\"https:\/\/heliotek.energy\/wp-content\/uploads\/2020\/08\/logo-heliotek-retina.png\",\"contentUrl\":\"https:\/\/heliotek.energy\/wp-content\/uploads\/2020\/08\/logo-heliotek-retina.png\",\"width\":466,\"height\":160,\"caption\":\"Heliotek Solar\"},\"image\":{\"@id\":\"https:\/\/heliotek.energy\/#\/schema\/logo\/image\/\"}}]}<\/script>\n<!-- \/ Yoast SEO plugin. -->","yoast_head_json":{"title":"Sistemas Solares Aut\u00f3nomos en Costa Rica - Heliotek Solar","description":"Permiten m\u00faltiples soluciones desde aplicaciones aisladas donde no existe electricidad a funcionamientos h\u00edbridos con otras fuentes de energ\u00eda","robots":{"index":"index","follow":"follow","max-snippet":"max-snippet:-1","max-image-preview":"max-image-preview:large","max-video-preview":"max-video-preview:-1"},"canonical":"https:\/\/heliotek.energy\/index.php\/sistemas-solares\/","og_locale":"es_ES","og_type":"article","og_title":"Sistemas Solares Aut\u00f3nomos en Costa Rica - Heliotek Solar","og_description":"Permiten m\u00faltiples soluciones desde aplicaciones aisladas donde no existe electricidad a funcionamientos h\u00edbridos con otras fuentes de energ\u00eda","og_url":"https:\/\/heliotek.energy\/index.php\/sistemas-solares\/","og_site_name":"Heliotek Solar","article_modified_time":"2022-02-22T19:46:04+00:00","twitter_card":"summary_large_image","twitter_misc":{"Tiempo de lectura":"8 minutos"},"schema":{"@context":"https:\/\/schema.org","@graph":[{"@type":"WebPage","@id":"https:\/\/heliotek.energy\/index.php\/sistemas-solares\/","url":"https:\/\/heliotek.energy\/index.php\/sistemas-solares\/","name":"Sistemas Solares Aut\u00f3nomos en Costa Rica - Heliotek Solar","isPartOf":{"@id":"https:\/\/heliotek.energy\/#website"},"datePublished":"2020-07-23T05:57:09+00:00","dateModified":"2022-02-22T19:46:04+00:00","description":"Permiten m\u00faltiples soluciones desde aplicaciones aisladas donde no existe electricidad a funcionamientos h\u00edbridos con otras fuentes de energ\u00eda","breadcrumb":{"@id":"https:\/\/heliotek.energy\/index.php\/sistemas-solares\/#breadcrumb"},"inLanguage":"es","potentialAction":[{"@type":"ReadAction","target":["https:\/\/heliotek.energy\/index.php\/sistemas-solares\/"]}]},{"@type":"BreadcrumbList","@id":"https:\/\/heliotek.energy\/index.php\/sistemas-solares\/#breadcrumb","itemListElement":[{"@type":"ListItem","position":1,"name":"Home","item":"https:\/\/heliotek.energy\/"},{"@type":"ListItem","position":2,"name":"Sistemas Solares"}]},{"@type":"WebSite","@id":"https:\/\/heliotek.energy\/#website","url":"https:\/\/heliotek.energy\/","name":"Heliotek Solar","description":"Energ\u00eda Solar para Costa Rica","publisher":{"@id":"https:\/\/heliotek.energy\/#organization"},"potentialAction":[{"@type":"SearchAction","target":{"@type":"EntryPoint","urlTemplate":"https:\/\/heliotek.energy\/?s={search_term_string}"},"query-input":{"@type":"PropertyValueSpecification","valueRequired":true,"valueName":"search_term_string"}}],"inLanguage":"es"},{"@type":"Organization","@id":"https:\/\/heliotek.energy\/#organization","name":"Heliotek Solar","url":"https:\/\/heliotek.energy\/","logo":{"@type":"ImageObject","inLanguage":"es","@id":"https:\/\/heliotek.energy\/#\/schema\/logo\/image\/","url":"https:\/\/heliotek.energy\/wp-content\/uploads\/2020\/08\/logo-heliotek-retina.png","contentUrl":"https:\/\/heliotek.energy\/wp-content\/uploads\/2020\/08\/logo-heliotek-retina.png","width":466,"height":160,"caption":"Heliotek Solar"},"image":{"@id":"https:\/\/heliotek.energy\/#\/schema\/logo\/image\/"}}]}},"_links":{"self":[{"href":"https:\/\/heliotek.energy\/index.php\/wp-json\/wp\/v2\/pages\/4151","targetHints":{"allow":["GET"]}}],"collection":[{"href":"https:\/\/heliotek.energy\/index.php\/wp-json\/wp\/v2\/pages"}],"about":[{"href":"https:\/\/heliotek.energy\/index.php\/wp-json\/wp\/v2\/types\/page"}],"author":[{"embeddable":true,"href":"https:\/\/heliotek.energy\/index.php\/wp-json\/wp\/v2\/users\/1"}],"replies":[{"embeddable":true,"href":"https:\/\/heliotek.energy\/index.php\/wp-json\/wp\/v2\/comments?post=4151"}],"version-history":[{"count":14,"href":"https:\/\/heliotek.energy\/index.php\/wp-json\/wp\/v2\/pages\/4151\/revisions"}],"predecessor-version":[{"id":4636,"href":"https:\/\/heliotek.energy\/index.php\/wp-json\/wp\/v2\/pages\/4151\/revisions\/4636"}],"wp:attachment":[{"href":"https:\/\/heliotek.energy\/index.php\/wp-json\/wp\/v2\/media?parent=4151"}],"curies":[{"name":"wp","href":"https:\/\/api.w.org\/{rel}","templated":true}]}}