{"id":4314,"date":"2020-07-31T02:52:08","date_gmt":"2020-07-31T08:52:08","guid":{"rendered":"https:\/\/heliotek.energy\/?page_id=4314"},"modified":"2020-11-16T11:20:17","modified_gmt":"2020-11-16T17:20:17","slug":"gobierno-smart-cities","status":"publish","type":"page","link":"https:\/\/heliotek.energy\/index.php\/gobierno-smart-cities\/","title":{"rendered":"Gobierno &#038; Smart Cities"},"content":{"rendered":"<body><p><div class=\"fusion-fullwidth fullwidth-box fusion-builder-row-1 fusion-parallax-none imagen-top hundred-percent-fullwidth non-hundred-percent-height-scrolling fusion-equal-height-columns\" style=\"--link_color: #000000;--awb-border-radius-top-left:0px;--awb-border-radius-top-right:0px;--awb-border-radius-bottom-right:0px;--awb-border-radius-bottom-left:0px;--awb-padding-top:0px;--awb-padding-bottom:0px;--awb-margin-top:0px;--awb-margin-bottom:0px;--awb-background-image:url(&quot;https:\/\/heliotek.energy\/wp-content\/uploads\/2020\/07\/gobierno-cabecera.jpg&quot;);--awb-background-size:cover;--awb-flex-wrap:wrap;--awb-filter:brightness(90%);--awb-filter-transition:filter 0.3s ease;--awb-filter-hover:brightness(90%);\" ><div class=\"fusion-builder-row fusion-row\"><div class=\"fusion-layout-column fusion_builder_column fusion-builder-column-0 fusion_builder_column_1_1 1_1 fusion-one-full fusion-column-first fusion-column-last\" style=\"--awb-padding-top:150px;--awb-bg-size:cover;\"><div class=\"fusion-column-wrapper fusion-column-has-shadow fusion-flex-column-wrapper-legacy\"><div class=\"fusion-column-content-centered\"><div class=\"fusion-column-content\"><div class=\"fusion-text fusion-text-1 fusion-animated\" data-animationType=\"zoomInUp\" data-animationDuration=\"1.0\" data-animationOffset=\"top-into-view\"><h2 style=\"text-align: center;\"><span style=\"color: #ffffff;\">GOBIERNO &amp; SMART CITIES<\/span><\/h2>\n<\/div><\/div><\/div><div class=\"fusion-clearfix\"><\/div><\/div><\/div><\/div><\/div><div class=\"fusion-fullwidth fullwidth-box fusion-builder-row-2 nonhundred-percent-fullwidth non-hundred-percent-height-scrolling\" style=\"--awb-border-radius-top-left:0px;--awb-border-radius-top-right:0px;--awb-border-radius-bottom-right:0px;--awb-border-radius-bottom-left:0px;--awb-margin-top:50px;--awb-flex-wrap:wrap;\" ><div class=\"fusion-builder-row fusion-row\"><div class=\"fusion-layout-column fusion_builder_column fusion-builder-column-1 fusion_builder_column_1_1 1_1 fusion-one-full fusion-column-first fusion-column-last\" style=\"--awb-bg-size:cover;--awb-margin-top:5opx;--awb-margin-bottom:50px;\"><div class=\"fusion-column-wrapper fusion-column-has-shadow fusion-flex-column-wrapper-legacy\"><div class=\"fusion-text fusion-text-2\"><h3 style=\"text-align: center;\">Casos de \u00c9xito<\/h3>\n<\/div><div class=\"fusion-clearfix\"><\/div><\/div><\/div><\/div><\/div><div class=\"fusion-fullwidth fullwidth-box fusion-builder-row-3 nonhundred-percent-fullwidth non-hundred-percent-height-scrolling\" style=\"--awb-border-radius-top-left:0px;--awb-border-radius-top-right:0px;--awb-border-radius-bottom-right:0px;--awb-border-radius-bottom-left:0px;--awb-flex-wrap:wrap;\" ><div class=\"fusion-builder-row fusion-row\"><div class=\"fusion-layout-column fusion_builder_column fusion-builder-column-2 fusion_builder_column_1_1 1_1 fusion-one-full fusion-column-first fusion-column-last\" style=\"--awb-bg-size:cover;--awb-margin-bottom:50px;\"><div class=\"fusion-column-wrapper fusion-column-has-shadow fusion-flex-column-wrapper-legacy\"><div class=\"fusion-text fusion-text-3\"><h3>COSEVI Sem\u00e1foros Solares<\/h3>\n<\/div><div class=\"fusion-clearfix\"><\/div><\/div><\/div><\/div><\/div><div class=\"fusion-fullwidth fullwidth-box fusion-builder-row-4 nonhundred-percent-fullwidth non-hundred-percent-height-scrolling\" style=\"--awb-border-radius-top-left:0px;--awb-border-radius-top-right:0px;--awb-border-radius-bottom-right:0px;--awb-border-radius-bottom-left:0px;--awb-flex-wrap:wrap;\" ><div class=\"fusion-builder-row fusion-row\"><div class=\"fusion-layout-column fusion_builder_column fusion-builder-column-3 fusion_builder_column_1_2 1_2 fusion-one-half fusion-column-first\" style=\"--awb-bg-size:cover;width:50%;width:calc(50% - ( ( 4% ) * 0.5 ) );margin-right: 4%;\"><div class=\"fusion-column-wrapper fusion-column-has-shadow fusion-flex-column-wrapper-legacy\"><div class=\"fusion-text fusion-text-4\"><p style=\"text-align: left;\"><strong>DESCRIPCI\u00d3N DEL PROYECTO<\/strong><\/p>\n<p>El proyecto de 5 etapas hasta la fecha cubre todos los sem\u00e1foros del sistema centralizado de sem\u00e1foros del <strong>COSEVI<\/strong> en Alajuela, Cartago, Heredia y San Jos\u00e9 con lo que setiene respaldo el\u00e9ctrico por al menos 16h a los m\u00e1s de 480 sem\u00e1foros del <strong>GAM<\/strong> as\u00ed como otros equipos de cada intersecci\u00f3n.<\/p>\n<p>La unidad inteligente de energ\u00eda <strong>Heliotek<\/strong> es dise\u00f1ada de acuerdo a las necesidades de cada intersecci\u00f3n y funciona como fuente principal de energ\u00eda con prioridad solar, luegode la bater\u00eda de Litio (LiFePo4) y como \u00faltima alternativa de la red el\u00e9ctrica.<\/p>\n<p>Con esto el <strong>COSEVI<\/strong> se ahorra cerca de 9 millones de colones mensuales en electricidad, ha reducido considerablemente las aver\u00edas en los equipos de sem\u00e1foros debido a la mejora en calidad de energ\u00eda,reduce costos por enviar personal al sitio cuando se d\u00e1 un apag\u00f3n, reduce accidentes, estres, emisiones de Co2 entre multiples beneficios adicionales.<\/p>\n<p>Todo eso ha convertido al proyecto conocido popularmente como los \u201c<strong>Sem\u00e1foros<\/strong> <strong>Solares<\/strong>\u201d en proyecto estrella del <strong>COSEVI<\/strong> ganando multiples premios.<\/p>\n<\/div><div class=\"fusion-clearfix\"><\/div><\/div><\/div><div class=\"fusion-layout-column fusion_builder_column fusion-builder-column-4 fusion_builder_column_1_2 1_2 fusion-one-half fusion-column-last\" style=\"--awb-bg-size:cover;width:50%;width:calc(50% - ( ( 4% ) * 0.5 ) );\"><div class=\"fusion-column-wrapper fusion-column-has-shadow fusion-flex-column-wrapper-legacy\"><div class=\"fusion-video fusion-youtube fusion-aligncenter\" style=\"--awb-max-width:600px;--awb-max-height:360px;--awb-width:100%;\"><div class=\"video-shortcode\"><div class=\"fluid-width-video-wrapper\" style=\"padding-top:60%;\" ><iframe title=\"YouTube video player 1\" data-src=\"https:\/\/www.youtube.com\/embed\/d80nF4UiK50?wmode=transparent&autoplay=0\" width=\"600\" height=\"360\" allowfullscreen allow=\"autoplay; fullscreen\" src=\"data:image\/svg+xml;base64,PHN2ZyB3aWR0aD0iMSIgaGVpZ2h0PSIxIiB4bWxucz0iaHR0cDovL3d3dy53My5vcmcvMjAwMC9zdmciPjwvc3ZnPg==\" class=\"lazyload\" data-load-mode=\"1\"><\/iframe><\/div><\/div><\/div><div class=\"fusion-clearfix\"><\/div><\/div><\/div><\/div><\/div><div class=\"fusion-fullwidth fullwidth-box fusion-builder-row-5 nonhundred-percent-fullwidth non-hundred-percent-height-scrolling\" style=\"--awb-border-radius-top-left:0px;--awb-border-radius-top-right:0px;--awb-border-radius-bottom-right:0px;--awb-border-radius-bottom-left:0px;--awb-margin-top:40px;--awb-margin-bottom:40px;--awb-flex-wrap:wrap;\" ><div class=\"fusion-builder-row fusion-row\"><div class=\"fusion-layout-column fusion_builder_column fusion-builder-column-5 fusion_builder_column_1_1 1_1 fusion-one-full fusion-column-first fusion-column-last\" style=\"--awb-bg-size:cover;\"><div class=\"fusion-column-wrapper fusion-column-has-shadow fusion-flex-column-wrapper-legacy\"><div class=\"awb-gallery-wrapper awb-gallery-wrapper-1 button-span-no\"><div style=\"margin:-14px;--awb-bordersize:0px;\" class=\"fusion-gallery fusion-gallery-container fusion-grid-3 fusion-columns-total-5 fusion-gallery-layout-grid fusion-gallery-1\"><div style=\"padding:14px;\" class=\"fusion-grid-column fusion-gallery-column fusion-gallery-column-3 hover-type-none\"><div class=\"fusion-gallery-image\"><a href=\"https:\/\/heliotek.energy\/wp-content\/uploads\/2020\/07\/foto1-2.jpg\" rel=\"noreferrer\" data-rel=\"iLightbox[gallery_image_1]\" class=\"fusion-lightbox\" target=\"_self\"><img decoding=\"async\" data-src=\"https:\/\/heliotek.energy\/wp-content\/uploads\/2020\/07\/foto1-2-460x295.jpg\" width=\"460\" height=\"295\" alt=\"\" title=\"foto1\" aria-label=\"foto1\" class=\"img-responsive wp-image-4322 fusion-gallery-image-size-fixed lazyload\" src=\"data:image\/svg+xml;base64,PHN2ZyB3aWR0aD0iMSIgaGVpZ2h0PSIxIiB4bWxucz0iaHR0cDovL3d3dy53My5vcmcvMjAwMC9zdmciPjwvc3ZnPg==\" style=\"--smush-placeholder-width: 460px; --smush-placeholder-aspect-ratio: 460\/295;\" \/><\/a><\/div><\/div><div style=\"padding:14px;\" class=\"fusion-grid-column fusion-gallery-column fusion-gallery-column-3 hover-type-none\"><div class=\"fusion-gallery-image\"><a href=\"https:\/\/heliotek.energy\/wp-content\/uploads\/2020\/07\/foto2-2.jpg\" rel=\"noreferrer\" data-rel=\"iLightbox[gallery_image_1]\" class=\"fusion-lightbox\" target=\"_self\"><img decoding=\"async\" data-src=\"https:\/\/heliotek.energy\/wp-content\/uploads\/2020\/07\/foto2-2-460x295.jpg\" width=\"460\" height=\"295\" alt=\"\" title=\"foto2\" aria-label=\"foto2\" class=\"img-responsive wp-image-4323 fusion-gallery-image-size-fixed lazyload\" src=\"data:image\/svg+xml;base64,PHN2ZyB3aWR0aD0iMSIgaGVpZ2h0PSIxIiB4bWxucz0iaHR0cDovL3d3dy53My5vcmcvMjAwMC9zdmciPjwvc3ZnPg==\" style=\"--smush-placeholder-width: 460px; --smush-placeholder-aspect-ratio: 460\/295;\" \/><\/a><\/div><\/div><div style=\"padding:14px;\" class=\"fusion-grid-column fusion-gallery-column fusion-gallery-column-3 hover-type-none\"><div class=\"fusion-gallery-image\"><a href=\"https:\/\/heliotek.energy\/wp-content\/uploads\/2020\/07\/foto3-2.jpg\" rel=\"noreferrer\" data-rel=\"iLightbox[gallery_image_1]\" class=\"fusion-lightbox\" target=\"_self\"><img decoding=\"async\" data-src=\"https:\/\/heliotek.energy\/wp-content\/uploads\/2020\/07\/foto3-2-460x295.jpg\" width=\"460\" height=\"295\" alt=\"\" title=\"foto3\" aria-label=\"foto3\" class=\"img-responsive wp-image-4324 fusion-gallery-image-size-fixed lazyload\" src=\"data:image\/svg+xml;base64,PHN2ZyB3aWR0aD0iMSIgaGVpZ2h0PSIxIiB4bWxucz0iaHR0cDovL3d3dy53My5vcmcvMjAwMC9zdmciPjwvc3ZnPg==\" style=\"--smush-placeholder-width: 460px; --smush-placeholder-aspect-ratio: 460\/295;\" \/><\/a><\/div><\/div><div class=\"clearfix\"><\/div><div style=\"padding:14px;\" class=\"fusion-grid-column fusion-gallery-column fusion-gallery-column-3 hover-type-none\"><div class=\"fusion-gallery-image\"><a href=\"https:\/\/heliotek.energy\/wp-content\/uploads\/2020\/07\/foto4-2.jpg\" rel=\"noreferrer\" data-rel=\"iLightbox[gallery_image_1]\" class=\"fusion-lightbox\" target=\"_self\"><img decoding=\"async\" data-src=\"https:\/\/heliotek.energy\/wp-content\/uploads\/2020\/07\/foto4-2-460x295.jpg\" width=\"460\" height=\"295\" alt=\"\" title=\"foto4\" aria-label=\"foto4\" class=\"img-responsive wp-image-4325 fusion-gallery-image-size-fixed lazyload\" src=\"data:image\/svg+xml;base64,PHN2ZyB3aWR0aD0iMSIgaGVpZ2h0PSIxIiB4bWxucz0iaHR0cDovL3d3dy53My5vcmcvMjAwMC9zdmciPjwvc3ZnPg==\" style=\"--smush-placeholder-width: 460px; --smush-placeholder-aspect-ratio: 460\/295;\" \/><\/a><\/div><\/div><div style=\"padding:14px;\" class=\"fusion-grid-column fusion-gallery-column fusion-gallery-column-3 hover-type-none\"><div class=\"fusion-gallery-image\"><a href=\"https:\/\/heliotek.energy\/wp-content\/uploads\/2020\/07\/foto5-2.jpg\" rel=\"noreferrer\" data-rel=\"iLightbox[gallery_image_1]\" class=\"fusion-lightbox\" target=\"_self\"><img decoding=\"async\" data-src=\"https:\/\/heliotek.energy\/wp-content\/uploads\/2020\/07\/foto5-2-460x295.jpg\" width=\"460\" height=\"295\" alt=\"\" title=\"foto5\" aria-label=\"foto5\" class=\"img-responsive wp-image-4326 fusion-gallery-image-size-fixed lazyload\" src=\"data:image\/svg+xml;base64,PHN2ZyB3aWR0aD0iMSIgaGVpZ2h0PSIxIiB4bWxucz0iaHR0cDovL3d3dy53My5vcmcvMjAwMC9zdmciPjwvc3ZnPg==\" style=\"--smush-placeholder-width: 460px; --smush-placeholder-aspect-ratio: 460\/295;\" \/><\/a><\/div><\/div><\/div><\/div><div class=\"fusion-clearfix\"><\/div><\/div><\/div><\/div><\/div><div class=\"fusion-fullwidth fullwidth-box fusion-builder-row-6 nonhundred-percent-fullwidth non-hundred-percent-height-scrolling\" style=\"--awb-border-radius-top-left:0px;--awb-border-radius-top-right:0px;--awb-border-radius-bottom-right:0px;--awb-border-radius-bottom-left:0px;--awb-flex-wrap:wrap;\" ><div class=\"fusion-builder-row fusion-row\"><div class=\"fusion-layout-column fusion_builder_column fusion-builder-column-6 fusion_builder_column_1_1 1_1 fusion-one-full fusion-column-first fusion-column-last\" style=\"--awb-bg-size:cover;--awb-margin-bottom:50px;\"><div class=\"fusion-column-wrapper fusion-column-has-shadow fusion-flex-column-wrapper-legacy\"><div class=\"fusion-text fusion-text-5\"><h3>Ebais CCSS Tortuguero<\/h3>\n<\/div><div class=\"fusion-clearfix\"><\/div><\/div><\/div><\/div><\/div><div class=\"fusion-fullwidth fullwidth-box fusion-builder-row-7 nonhundred-percent-fullwidth non-hundred-percent-height-scrolling\" style=\"--awb-border-radius-top-left:0px;--awb-border-radius-top-right:0px;--awb-border-radius-bottom-right:0px;--awb-border-radius-bottom-left:0px;--awb-margin-bottom:50px;--awb-flex-wrap:wrap;\" ><div class=\"fusion-builder-row fusion-row\"><div class=\"fusion-layout-column fusion_builder_column fusion-builder-column-7 fusion_builder_column_1_2 1_2 fusion-one-half fusion-column-first\" style=\"--awb-bg-size:cover;width:50%;width:calc(50% - ( ( 4% ) * 0.5 ) );margin-right: 4%;\"><div class=\"fusion-column-wrapper fusion-column-has-shadow fusion-flex-column-wrapper-legacy\"><div class=\"fusion-text fusion-text-6\"><p style=\"text-align: left;\"><strong>DESCRIPCI\u00d3N DEL PROYECTO<\/strong><\/p>\n<p>El Ebais Tortuguro es un centro de salud con horario extendido ya que recibe gran cantidad de extrangeros que requieren de atenci\u00f3n m\u00e9dica durante sus vacaiones.<\/p>\n<p>Por sus condiciones, es usual que se den apagones el\u00e9ctricos incluso de forma prolongada dado que las lineas de suministro del ICE atraviesan zonas de dificil acceso.<\/p>\n<p>Por este motivo y los altos costos de electricidad la CCSS instal\u00f3 dos sistemas fotovoltaicos. Uno interactivo con la red del ICE lo cual brinda ahorro de un alto porcentaje de su facturaci\u00f3ny el segundo un sistema de respaldo el\u00e9ctrico aut\u00f3nomo que brinda hasta 12h de auntonom\u00eda a las pirncipales cargas cr\u00edticas para el centro m\u00e9dico.<\/p>\n<\/div><div class=\"fusion-clearfix\"><\/div><\/div><\/div><div class=\"fusion-layout-column fusion_builder_column fusion-builder-column-8 fusion_builder_column_1_2 1_2 fusion-one-half fusion-column-last\" style=\"--awb-bg-size:cover;width:50%;width:calc(50% - ( ( 4% ) * 0.5 ) );\"><div class=\"fusion-column-wrapper fusion-column-has-shadow fusion-flex-column-wrapper-legacy\"><div class=\"fusion-video fusion-youtube fusion-aligncenter\" style=\"--awb-max-width:600px;--awb-max-height:360px;--awb-width:100%;\"><div class=\"video-shortcode\"><div class=\"fluid-width-video-wrapper\" style=\"padding-top:60%;\" ><iframe title=\"YouTube video player 2\" data-src=\"https:\/\/www.youtube.com\/embed\/kU_UAFgSUw4?wmode=transparent&autoplay=0\" width=\"600\" height=\"360\" allowfullscreen allow=\"autoplay; fullscreen\" src=\"data:image\/svg+xml;base64,PHN2ZyB3aWR0aD0iMSIgaGVpZ2h0PSIxIiB4bWxucz0iaHR0cDovL3d3dy53My5vcmcvMjAwMC9zdmciPjwvc3ZnPg==\" class=\"lazyload\" data-load-mode=\"1\"><\/iframe><\/div><\/div><\/div><div class=\"fusion-clearfix\"><\/div><\/div><\/div><div class=\"fusion-layout-column fusion_builder_column fusion-builder-column-9 fusion_builder_column_1_1 1_1 fusion-one-full fusion-column-first fusion-column-last\" style=\"--awb-bg-size:cover;--awb-margin-top:60px;\"><div class=\"fusion-column-wrapper fusion-column-has-shadow fusion-flex-column-wrapper-legacy\"><div class=\"fusion-sep-clear\"><\/div><div class=\"fusion-separator fusion-full-width-sep\" style=\"margin-left: auto;margin-right: auto;margin-top:0px;margin-bottom:50px;width:100%;\"><div class=\"fusion-separator-border sep-single sep-solid\" style=\"--awb-height:20px;--awb-amount:20px;border-color:#e0dede;border-top-width:1px;\"><\/div><\/div><div class=\"fusion-sep-clear\"><\/div><div class=\"fusion-text fusion-text-7\"><p style=\"text-align: center;\">Si desea conocer m\u00e1s sobre estas <span style=\"color: #ff9900;\"><a style=\"color: #ff9900;\" href=\"https:\/\/heliotek.energy\/index.php\/soluciones\/\">soluci\u00f3nes<\/a><\/span> o alguna espec\u00edfica para su necesidad no dude en contactarnos.<\/p>\n<\/div><div class=\"fusion-aligncenter\"><a class=\"fusion-button button-flat fusion-button-default-size button-custom fusion-button-default button-1 fusion-button-default-span fusion-button-default-type\" style=\"--button_accent_color:#ffffff;--button_accent_hover_color:#ffffff;--button_border_hover_color:#ffffff;--button_gradient_top_color:#ffc107;--button_gradient_bottom_color:#ffc107;--button_gradient_top_color_hover:#f98900;--button_gradient_bottom_color_hover:#f98900;--button_margin-top:25px;\" target=\"_self\" href=\"https:\/\/heliotek.energy\/index.php\/contacto\/\"><span class=\"fusion-button-text\">Cont\u00e1ctenos<\/span><\/a><\/div><div class=\"fusion-clearfix\"><\/div><\/div><\/div><\/div><\/div><\/p>\n<\/body>","protected":false},"excerpt":{"rendered":"","protected":false},"author":1,"featured_media":0,"parent":0,"menu_order":0,"comment_status":"closed","ping_status":"closed","template":"100-width.php","meta":{"content-type":"","_joinchat":[],"footnotes":""},"class_list":["post-4314","page","type-page","status-publish","hentry"],"yoast_head":"<!-- This site is optimized with the Yoast SEO plugin v26.8 - https:\/\/yoast.com\/product\/yoast-seo-wordpress\/ -->\n<title>Gobierno &amp; Smart Cities - Heliotek Solar<\/title>\n<meta name=\"robots\" content=\"index, follow, max-snippet:-1, max-image-preview:large, max-video-preview:-1\" \/>\n<link rel=\"canonical\" href=\"https:\/\/heliotek.energy\/index.php\/gobierno-smart-cities\/\" \/>\n<meta property=\"og:locale\" content=\"es_ES\" \/>\n<meta property=\"og:type\" content=\"article\" \/>\n<meta property=\"og:title\" content=\"Gobierno &amp; Smart Cities - Heliotek Solar\" \/>\n<meta property=\"og:url\" content=\"https:\/\/heliotek.energy\/index.php\/gobierno-smart-cities\/\" \/>\n<meta property=\"og:site_name\" content=\"Heliotek Solar\" \/>\n<meta property=\"article:modified_time\" content=\"2020-11-16T17:20:17+00:00\" \/>\n<meta name=\"twitter:card\" content=\"summary_large_image\" \/>\n<meta name=\"twitter:label1\" content=\"Tiempo de lectura\" \/>\n\t<meta name=\"twitter:data1\" content=\"24 minutos\" \/>\n<script type=\"application\/ld+json\" class=\"yoast-schema-graph\">{\"@context\":\"https:\/\/schema.org\",\"@graph\":[{\"@type\":\"WebPage\",\"@id\":\"https:\/\/heliotek.energy\/index.php\/gobierno-smart-cities\/\",\"url\":\"https:\/\/heliotek.energy\/index.php\/gobierno-smart-cities\/\",\"name\":\"Gobierno & Smart Cities - Heliotek Solar\",\"isPartOf\":{\"@id\":\"https:\/\/heliotek.energy\/#website\"},\"datePublished\":\"2020-07-31T08:52:08+00:00\",\"dateModified\":\"2020-11-16T17:20:17+00:00\",\"breadcrumb\":{\"@id\":\"https:\/\/heliotek.energy\/index.php\/gobierno-smart-cities\/#breadcrumb\"},\"inLanguage\":\"es\",\"potentialAction\":[{\"@type\":\"ReadAction\",\"target\":[\"https:\/\/heliotek.energy\/index.php\/gobierno-smart-cities\/\"]}]},{\"@type\":\"BreadcrumbList\",\"@id\":\"https:\/\/heliotek.energy\/index.php\/gobierno-smart-cities\/#breadcrumb\",\"itemListElement\":[{\"@type\":\"ListItem\",\"position\":1,\"name\":\"Home\",\"item\":\"https:\/\/heliotek.energy\/\"},{\"@type\":\"ListItem\",\"position\":2,\"name\":\"Gobierno &#038; Smart Cities\"}]},{\"@type\":\"WebSite\",\"@id\":\"https:\/\/heliotek.energy\/#website\",\"url\":\"https:\/\/heliotek.energy\/\",\"name\":\"Heliotek Solar\",\"description\":\"Energ\u00eda Solar para Costa Rica\",\"publisher\":{\"@id\":\"https:\/\/heliotek.energy\/#organization\"},\"potentialAction\":[{\"@type\":\"SearchAction\",\"target\":{\"@type\":\"EntryPoint\",\"urlTemplate\":\"https:\/\/heliotek.energy\/?s={search_term_string}\"},\"query-input\":{\"@type\":\"PropertyValueSpecification\",\"valueRequired\":true,\"valueName\":\"search_term_string\"}}],\"inLanguage\":\"es\"},{\"@type\":\"Organization\",\"@id\":\"https:\/\/heliotek.energy\/#organization\",\"name\":\"Heliotek Solar\",\"url\":\"https:\/\/heliotek.energy\/\",\"logo\":{\"@type\":\"ImageObject\",\"inLanguage\":\"es\",\"@id\":\"https:\/\/heliotek.energy\/#\/schema\/logo\/image\/\",\"url\":\"https:\/\/heliotek.energy\/wp-content\/uploads\/2020\/08\/logo-heliotek-retina.png\",\"contentUrl\":\"https:\/\/heliotek.energy\/wp-content\/uploads\/2020\/08\/logo-heliotek-retina.png\",\"width\":466,\"height\":160,\"caption\":\"Heliotek Solar\"},\"image\":{\"@id\":\"https:\/\/heliotek.energy\/#\/schema\/logo\/image\/\"}}]}<\/script>\n<!-- \/ Yoast SEO plugin. -->","yoast_head_json":{"title":"Gobierno & Smart Cities - Heliotek Solar","robots":{"index":"index","follow":"follow","max-snippet":"max-snippet:-1","max-image-preview":"max-image-preview:large","max-video-preview":"max-video-preview:-1"},"canonical":"https:\/\/heliotek.energy\/index.php\/gobierno-smart-cities\/","og_locale":"es_ES","og_type":"article","og_title":"Gobierno & Smart Cities - Heliotek Solar","og_url":"https:\/\/heliotek.energy\/index.php\/gobierno-smart-cities\/","og_site_name":"Heliotek Solar","article_modified_time":"2020-11-16T17:20:17+00:00","twitter_card":"summary_large_image","twitter_misc":{"Tiempo de lectura":"24 minutos"},"schema":{"@context":"https:\/\/schema.org","@graph":[{"@type":"WebPage","@id":"https:\/\/heliotek.energy\/index.php\/gobierno-smart-cities\/","url":"https:\/\/heliotek.energy\/index.php\/gobierno-smart-cities\/","name":"Gobierno & Smart Cities - Heliotek Solar","isPartOf":{"@id":"https:\/\/heliotek.energy\/#website"},"datePublished":"2020-07-31T08:52:08+00:00","dateModified":"2020-11-16T17:20:17+00:00","breadcrumb":{"@id":"https:\/\/heliotek.energy\/index.php\/gobierno-smart-cities\/#breadcrumb"},"inLanguage":"es","potentialAction":[{"@type":"ReadAction","target":["https:\/\/heliotek.energy\/index.php\/gobierno-smart-cities\/"]}]},{"@type":"BreadcrumbList","@id":"https:\/\/heliotek.energy\/index.php\/gobierno-smart-cities\/#breadcrumb","itemListElement":[{"@type":"ListItem","position":1,"name":"Home","item":"https:\/\/heliotek.energy\/"},{"@type":"ListItem","position":2,"name":"Gobierno &#038; Smart Cities"}]},{"@type":"WebSite","@id":"https:\/\/heliotek.energy\/#website","url":"https:\/\/heliotek.energy\/","name":"Heliotek Solar","description":"Energ\u00eda Solar para Costa Rica","publisher":{"@id":"https:\/\/heliotek.energy\/#organization"},"potentialAction":[{"@type":"SearchAction","target":{"@type":"EntryPoint","urlTemplate":"https:\/\/heliotek.energy\/?s={search_term_string}"},"query-input":{"@type":"PropertyValueSpecification","valueRequired":true,"valueName":"search_term_string"}}],"inLanguage":"es"},{"@type":"Organization","@id":"https:\/\/heliotek.energy\/#organization","name":"Heliotek Solar","url":"https:\/\/heliotek.energy\/","logo":{"@type":"ImageObject","inLanguage":"es","@id":"https:\/\/heliotek.energy\/#\/schema\/logo\/image\/","url":"https:\/\/heliotek.energy\/wp-content\/uploads\/2020\/08\/logo-heliotek-retina.png","contentUrl":"https:\/\/heliotek.energy\/wp-content\/uploads\/2020\/08\/logo-heliotek-retina.png","width":466,"height":160,"caption":"Heliotek Solar"},"image":{"@id":"https:\/\/heliotek.energy\/#\/schema\/logo\/image\/"}}]}},"_links":{"self":[{"href":"https:\/\/heliotek.energy\/index.php\/wp-json\/wp\/v2\/pages\/4314","targetHints":{"allow":["GET"]}}],"collection":[{"href":"https:\/\/heliotek.energy\/index.php\/wp-json\/wp\/v2\/pages"}],"about":[{"href":"https:\/\/heliotek.energy\/index.php\/wp-json\/wp\/v2\/types\/page"}],"author":[{"embeddable":true,"href":"https:\/\/heliotek.energy\/index.php\/wp-json\/wp\/v2\/users\/1"}],"replies":[{"embeddable":true,"href":"https:\/\/heliotek.energy\/index.php\/wp-json\/wp\/v2\/comments?post=4314"}],"version-history":[{"count":13,"href":"https:\/\/heliotek.energy\/index.php\/wp-json\/wp\/v2\/pages\/4314\/revisions"}],"predecessor-version":[{"id":4553,"href":"https:\/\/heliotek.energy\/index.php\/wp-json\/wp\/v2\/pages\/4314\/revisions\/4553"}],"wp:attachment":[{"href":"https:\/\/heliotek.energy\/index.php\/wp-json\/wp\/v2\/media?parent=4314"}],"curies":[{"name":"wp","href":"https:\/\/api.w.org\/{rel}","templated":true}]}}